{"id":2,"date":"2025-02-25T13:16:20","date_gmt":"2025-02-25T12:16:20","guid":{"rendered":"http:\/\/neo.mirus.ch.83-169-35-235.redsnack.at\/?page_id=2"},"modified":"2025-02-25T13:16:20","modified_gmt":"2025-02-25T12:16:20","slug":"beispiel-seite","status":"publish","type":"page","link":"https:\/\/neoapp.mirus.ch\/ch-fr\/beispiel-seite\/","title":{"rendered":"Beispiel-Seite"},"content":{"rendered":"<p>Dies ist eine Beispiel-Seite. Sie unterscheidet sich von Beitr\u00e4gen, da sie stets an derselben Stelle bleibt und (bei den meisten Themes) in der Website-Navigation angezeigt wird. Die meisten starten mit einem Impressum, der Datenschutzerkl\u00e4rung oder einer \u201e\u00dcber\u00a0uns\u201c-Seite, um sich potenziellen Besuchern der Website vorzustellen. Dort k\u00f6nnte zum Beispiel stehen:<\/p>\n\n\n\n<blockquote class=\"wp-block-quote is-layout-flow wp-block-quote-is-layout-flow\"><p>Hallo! Tags\u00fcber arbeite ich als Fahrradkurier, nachts bin ich ein aufstrebender Schauspieler und dies hier ist meine Website. Ich lebe in Berlin, habe einen gro\u00dfen Hund namens Jack, mag Pi&#241;a Coladas, jedoch weniger (ohne Schirm) im Regen stehen gelassen zu werden.<\/p><\/blockquote>\n\n\n\n<p>...\u00a0oder so etwas wie:<\/p>\n\n\n\n<blockquote class=\"wp-block-quote is-layout-flow wp-block-quote-is-layout-flow\"><p>Das Unternehmen XYZ wurde 1971 gegr\u00fcndet und versorgt die \u00d6ffentlichkeit seither mit qualitativ hochwertigen Produkten. An seinem Standort in einer kleinen Gro\u00dfstadt besch\u00e4ftigt der Betrieb \u00fcber 2.000 Menschen und unterst\u00fctzt die Stadtbewohner in vielfacher Hinsicht.<\/p><\/blockquote>\n\n\n\n<p>Als neuer WordPress-Benutzer solltest du <a href=\"http:\/\/neoapp.mirus.ch.83-169-35-235.redsnack.at\/wp-admin\/\">dein Dashboard<\/a> aufrufen, um diese Seite zu l\u00f6schen und neue Seiten und Beitr\u00e4ge f\u00fcr deine Website erstellen. Viel Spa\u00df!<\/p>","protected":false},"excerpt":{"rendered":"<p>Dies ist eine Beispiel-Seite. Sie unterscheidet sich von Beitr\u00e4gen, da sie stets an derselben Stelle bleibt und (bei den meisten Themes) in der Website-Navigation angezeigt wird. Die meisten starten mit einem Impressum, der Datenschutzerkl\u00e4rung oder einer \u201e\u00dcber\u00a0uns\u201c-Seite, um sich potenziellen Besuchern der Website vorzustellen. Dort k\u00f6nnte zum Beispiel stehen: Hallo! Tags\u00fcber arbeite ich als Fahrradkurier, [&hellip;]<\/p>","protected":false},"author":1,"featured_media":0,"parent":0,"menu_order":0,"comment_status":"closed","ping_status":"open","template":"","meta":{"footnotes":""},"class_list":["post-2","page","type-page","status-publish","hentry"],"yoast_head":"<!-- This site is optimized with the Yoast SEO Premium plugin v24.6 (Yoast SEO v24.6) - https:\/\/yoast.com\/wordpress\/plugins\/seo\/ -->\n<title>Mirus NEO - Das digitale Mitarbeiterportal in einer App<\/title>\n<meta name=\"description\" content=\"Die n\u00e4chste Generation der Mitarbeiterkommunikation beginnt jetzt!\" \/>\n<meta name=\"robots\" content=\"index, follow, max-snippet:-1, max-image-preview:large, max-video-preview:-1\" \/>\n<link rel=\"canonical\" href=\"https:\/\/neoapp.mirus.ch\/ch-fr\/beispiel-seite\/\" \/>\n<meta property=\"og:locale\" content=\"fr_FR\" \/>\n<meta property=\"og:type\" content=\"article\" \/>\n<meta property=\"og:title\" content=\"Mirus NEO - Das digitale Mitarbeiterportal in einer App\" \/>\n<meta property=\"og:description\" content=\"Die n\u00e4chste Generation der Mitarbeiterkommunikation beginnt jetzt!\" \/>\n<meta property=\"og:url\" content=\"https:\/\/neoapp.mirus.ch\/ch-fr\/beispiel-seite\/\" \/>\n<meta property=\"og:site_name\" content=\"Mirus NEO\" \/>\n<meta property=\"og:image\" content=\"https:\/\/neoapp.mirus.ch\/wp-content\/uploads\/2025\/03\/mirus_neo-scaled.jpg\" \/>\n\t<meta property=\"og:image:width\" content=\"2560\" \/>\n\t<meta property=\"og:image:height\" content=\"1440\" \/>\n\t<meta property=\"og:image:type\" content=\"image\/jpeg\" \/>\n<meta name=\"twitter:card\" content=\"summary_large_image\" \/>\n<script type=\"application\/ld+json\" class=\"yoast-schema-graph\">{\"@context\":\"https:\/\/schema.org\",\"@graph\":[{\"@type\":\"WebPage\",\"@id\":\"https:\/\/neoapp.mirus.ch\/beispiel-seite\/\",\"url\":\"https:\/\/neoapp.mirus.ch\/beispiel-seite\/\",\"name\":\"Mirus NEO - Das digitale Mitarbeiterportal in einer App\",\"isPartOf\":{\"@id\":\"https:\/\/neoapp.mirus.ch\/#website\"},\"datePublished\":\"2025-02-25T12:16:20+00:00\",\"description\":\"Die n\u00e4chste Generation der Mitarbeiterkommunikation beginnt jetzt!\",\"breadcrumb\":{\"@id\":\"https:\/\/neoapp.mirus.ch\/beispiel-seite\/#breadcrumb\"},\"inLanguage\":\"fr-FR\",\"potentialAction\":[{\"@type\":\"ReadAction\",\"target\":[\"https:\/\/neoapp.mirus.ch\/beispiel-seite\/\"]}]},{\"@type\":\"BreadcrumbList\",\"@id\":\"https:\/\/neoapp.mirus.ch\/beispiel-seite\/#breadcrumb\",\"itemListElement\":[{\"@type\":\"ListItem\",\"position\":1,\"name\":\"Startseite\",\"item\":\"https:\/\/neoapp.mirus.ch\/\"},{\"@type\":\"ListItem\",\"position\":2,\"name\":\"Beispiel-Seite\"}]},{\"@type\":\"WebSite\",\"@id\":\"https:\/\/neoapp.mirus.ch\/#website\",\"url\":\"https:\/\/neoapp.mirus.ch\/\",\"name\":\"Mirus NEO - Das digitale Mitarbeiterportal in einer App\",\"description\":\"\",\"publisher\":{\"@id\":\"https:\/\/neoapp.mirus.ch\/#organization\"},\"alternateName\":\"Mirus NEO\",\"potentialAction\":[{\"@type\":\"SearchAction\",\"target\":{\"@type\":\"EntryPoint\",\"urlTemplate\":\"https:\/\/neoapp.mirus.ch\/?s={search_term_string}\"},\"query-input\":{\"@type\":\"PropertyValueSpecification\",\"valueRequired\":true,\"valueName\":\"search_term_string\"}}],\"inLanguage\":\"fr-FR\"},{\"@type\":\"Organization\",\"@id\":\"https:\/\/neoapp.mirus.ch\/#organization\",\"name\":\"Mirus Software AG\",\"url\":\"https:\/\/neoapp.mirus.ch\/\",\"logo\":{\"@type\":\"ImageObject\",\"inLanguage\":\"fr-FR\",\"@id\":\"https:\/\/neoapp.mirus.ch\/#\/schema\/logo\/image\/\",\"url\":\"https:\/\/neoapp.mirus.ch\/wp-content\/uploads\/2025\/03\/logo_1.png\",\"contentUrl\":\"https:\/\/neoapp.mirus.ch\/wp-content\/uploads\/2025\/03\/logo_1.png\",\"width\":1201,\"height\":1201,\"caption\":\"Mirus Software AG\"},\"image\":{\"@id\":\"https:\/\/neoapp.mirus.ch\/#\/schema\/logo\/image\/\"},\"sameAs\":[\"https:\/\/ch.linkedin.com\/company\/mirussoftwareag\"],\"email\":\"info@mirus.ch\",\"telephone\":\"+41 81 415 66 88\"}]}<\/script>\n<!-- \/ Yoast SEO Premium plugin. -->","yoast_head_json":{"title":"Mirus NEO - Das digitale Mitarbeiterportal in einer App","description":"Die n\u00e4chste Generation der Mitarbeiterkommunikation beginnt jetzt!","robots":{"index":"index","follow":"follow","max-snippet":"max-snippet:-1","max-image-preview":"max-image-preview:large","max-video-preview":"max-video-preview:-1"},"canonical":"https:\/\/neoapp.mirus.ch\/ch-fr\/beispiel-seite\/","og_locale":"fr_FR","og_type":"article","og_title":"Mirus NEO - Das digitale Mitarbeiterportal in einer App","og_description":"Die n\u00e4chste Generation der Mitarbeiterkommunikation beginnt jetzt!","og_url":"https:\/\/neoapp.mirus.ch\/ch-fr\/beispiel-seite\/","og_site_name":"Mirus NEO","og_image":[{"width":2560,"height":1440,"url":"https:\/\/neoapp.mirus.ch\/wp-content\/uploads\/2025\/03\/mirus_neo-scaled.jpg","type":"image\/jpeg"}],"twitter_card":"summary_large_image","schema":{"@context":"https:\/\/schema.org","@graph":[{"@type":"WebPage","@id":"https:\/\/neoapp.mirus.ch\/beispiel-seite\/","url":"https:\/\/neoapp.mirus.ch\/beispiel-seite\/","name":"Mirus NEO - Das digitale Mitarbeiterportal in einer App","isPartOf":{"@id":"https:\/\/neoapp.mirus.ch\/#website"},"datePublished":"2025-02-25T12:16:20+00:00","description":"Die n\u00e4chste Generation der Mitarbeiterkommunikation beginnt jetzt!","breadcrumb":{"@id":"https:\/\/neoapp.mirus.ch\/beispiel-seite\/#breadcrumb"},"inLanguage":"fr-FR","potentialAction":[{"@type":"ReadAction","target":["https:\/\/neoapp.mirus.ch\/beispiel-seite\/"]}]},{"@type":"BreadcrumbList","@id":"https:\/\/neoapp.mirus.ch\/beispiel-seite\/#breadcrumb","itemListElement":[{"@type":"ListItem","position":1,"name":"Startseite","item":"https:\/\/neoapp.mirus.ch\/"},{"@type":"ListItem","position":2,"name":"Beispiel-Seite"}]},{"@type":"WebSite","@id":"https:\/\/neoapp.mirus.ch\/#website","url":"https:\/\/neoapp.mirus.ch\/","name":"Mirus NEO - Das digitale Mitarbeiterportal in einer App","description":"","publisher":{"@id":"https:\/\/neoapp.mirus.ch\/#organization"},"alternateName":"Mirus NEO","potentialAction":[{"@type":"SearchAction","target":{"@type":"EntryPoint","urlTemplate":"https:\/\/neoapp.mirus.ch\/?s={search_term_string}"},"query-input":{"@type":"PropertyValueSpecification","valueRequired":true,"valueName":"search_term_string"}}],"inLanguage":"fr-FR"},{"@type":"Organization","@id":"https:\/\/neoapp.mirus.ch\/#organization","name":"Mirus Software AG","url":"https:\/\/neoapp.mirus.ch\/","logo":{"@type":"ImageObject","inLanguage":"fr-FR","@id":"https:\/\/neoapp.mirus.ch\/#\/schema\/logo\/image\/","url":"https:\/\/neoapp.mirus.ch\/wp-content\/uploads\/2025\/03\/logo_1.png","contentUrl":"https:\/\/neoapp.mirus.ch\/wp-content\/uploads\/2025\/03\/logo_1.png","width":1201,"height":1201,"caption":"Mirus Software AG"},"image":{"@id":"https:\/\/neoapp.mirus.ch\/#\/schema\/logo\/image\/"},"sameAs":["https:\/\/ch.linkedin.com\/company\/mirussoftwareag"],"email":"info@mirus.ch","telephone":"+41 81 415 66 88"}]}},"_links":{"self":[{"href":"https:\/\/neoapp.mirus.ch\/ch-fr\/wp-json\/wp\/v2\/pages\/2","targetHints":{"allow":["GET"]}}],"collection":[{"href":"https:\/\/neoapp.mirus.ch\/ch-fr\/wp-json\/wp\/v2\/pages"}],"about":[{"href":"https:\/\/neoapp.mirus.ch\/ch-fr\/wp-json\/wp\/v2\/types\/page"}],"author":[{"embeddable":true,"href":"https:\/\/neoapp.mirus.ch\/ch-fr\/wp-json\/wp\/v2\/users\/1"}],"replies":[{"embeddable":true,"href":"https:\/\/neoapp.mirus.ch\/ch-fr\/wp-json\/wp\/v2\/comments?post=2"}],"version-history":[{"count":0,"href":"https:\/\/neoapp.mirus.ch\/ch-fr\/wp-json\/wp\/v2\/pages\/2\/revisions"}],"wp:attachment":[{"href":"https:\/\/neoapp.mirus.ch\/ch-fr\/wp-json\/wp\/v2\/media?parent=2"}],"curies":[{"name":"wp","href":"https:\/\/api.w.org\/{rel}","templated":true}]}}